{"id":74,"date":"2020-11-16T17:19:17","date_gmt":"2020-11-16T16:19:17","guid":{"rendered":"http:\/\/cem.sciencespo-lille.eu\/?page_id=74"},"modified":"2023-12-19T18:28:44","modified_gmt":"2023-12-19T17:28:44","slug":"temoignages-detudiants-et-etudiantes-en-cem","status":"publish","type":"page","link":"https:\/\/cem.sciencespo-lille.eu\/index.php\/temoignages-detudiants-et-etudiantes-en-cem\/","title":{"rendered":"T\u00e9moignages d&rsquo;\u00e9tudiantes et \u00e9tudiants en CeM"},"content":{"rendered":"\n<div class=\"wp-block-image\"><figure class=\"aligncenter size-large is-resized\"><img loading=\"lazy\" decoding=\"async\" src=\"http:\/\/cem.sciencespo-lille.eu\/wp-content\/uploads\/2020\/12\/Sans-titre-1.png\" alt=\"\" class=\"wp-image-175\" width=\"150\" height=\"150\" srcset=\"https:\/\/cem.sciencespo-lille.eu\/wp-content\/uploads\/2020\/12\/Sans-titre-1.png 500w, https:\/\/cem.sciencespo-lille.eu\/wp-content\/uploads\/2020\/12\/Sans-titre-1-300x300.png 300w, https:\/\/cem.sciencespo-lille.eu\/wp-content\/uploads\/2020\/12\/Sans-titre-1-150x150.png 150w\" sizes=\"auto, (max-width: 150px) 100vw, 150px\" \/><\/figure><\/div>\n\n\n\n<figure class=\"wp-block-video\"><video controls src=\"https:\/\/cem.sciencespo-lille.eu\/wp-content\/uploads\/2023\/12\/Vide\u0301o-CEM-finale.mp4\"><\/video><figcaption>CEM vue par ses ambassadeur.ice.s<\/figcaption><\/figure>\n\n\n\n<div style=\"height:30px\" aria-hidden=\"true\" class=\"wp-block-spacer\"><\/div>\n\n\n\n<hr class=\"wp-block-separator has-text-color has-background is-style-wide\" style=\"background-color:#e6e6e6;color:#e6e6e6\"\/>\n\n\n\n<p style=\"font-size:18px\"><strong>H\u00e9l\u00e8ne Mocquillon<\/strong>, promotion 2022 (Alan Turing)<\/p>\n\n\n\n<p><strong>Pourquoi avoir choisi cette majeure ?<\/strong><\/p>\n\n\n\n<blockquote class=\"wp-block-quote is-layout-flow wp-block-quote-is-layout-flow\"><p>\u00ab\u00a0Etudiante en licence de science politique au sein de l&rsquo;Universit\u00e9 de Lille, engag\u00e9e dans l&rsquo;association ADESPOL en tant que charg\u00e9e de communication, et ayant r\u00e9alis\u00e9 un stage au sein de la DICOM du Minist\u00e8re de la Justice, je souhaitais choisir un master qui me permettrait d&rsquo;allier mes deux centres d&rsquo;int\u00e9r\u00eats : les sciences sociales et la communication. C&rsquo;est donc naturellement que j&rsquo;ai candidat\u00e9 \u00e0 Sciences Po Lille afin de rentrer dans le Master CeM qui me semblait le plus en coh\u00e9rence avec mes envies actuelles et mes ambitions futures !\u00a0\u00bb<\/p><\/blockquote>\n\n\n\n<p><strong>Qu&rsquo;est-ce qui vous pla\u00eet le plus ? <\/strong><\/p>\n\n\n\n<blockquote class=\"wp-block-quote is-layout-flow wp-block-quote-is-layout-flow\"><p>\u00ab\u00a0Ce qui me pla\u00eet le plus dans cette formation c&rsquo;est le juste \u00e9quilibre entre les enseignements \u00ab\u00a0techniques\u00a0\u00bb et ceux sociologiques. Cela permet de d\u00e9velopper nos comp\u00e9tences strat\u00e9giques ainsi que de se projeter dans nos futures missions professionnelles.\u00a0\u00bb<\/p><\/blockquote>\n\n\n\n<p><strong>Qu&rsquo;est-ce que cette formation vous a apport\u00e9 ? <\/strong><\/p>\n\n\n\n<blockquote class=\"wp-block-quote is-layout-flow wp-block-quote-is-layout-flow\"><p>\u00ab\u00a0Les enseignements sociologiques de cette formation m\u2019ont permis de comprendre les enjeux<br>inh\u00e9rents \u00e0 la communication, aux m\u00e9dias ainsi qu\u2019au num\u00e9rique afin d\u2019avoir un regard \u00e9clair\u00e9 en<br>plus de celui strat\u00e9gique. Cela m\u2019a confort\u00e9 dans mon envie de travailler au service d\u2019une communication engag\u00e9e !\u00a0\u00bb<\/p><\/blockquote>\n\n\n\n<hr class=\"wp-block-separator has-text-color has-background is-style-wide\" style=\"background-color:#e6e6e6;color:#e6e6e6\"\/>\n\n\n\n<div style=\"height:24px\" aria-hidden=\"true\" class=\"wp-block-spacer\"><\/div>\n\n\n\n<p style=\"font-size:18px\"><strong>Sol\u00e8ne Bonjour, <\/strong>promotion 2022 (Alan Turing)<\/p>\n\n\n\n<p><strong>Pourquoi avez-vous choisi cette majeure ?<\/strong><\/p>\n\n\n\n<blockquote class=\"wp-block-quote is-layout-flow wp-block-quote-is-layout-flow\"><p>\u201cJ\u2019ai choisi cette majeure car je suis int\u00e9ress\u00e9e par les probl\u00e9matiques tournant autour des m\u00e9dias et de la transmission. Je souhaitais faire un Master complet et touchant \u00e0 la fois au pratique et au th\u00e9orique, et la majeure CEM \u00e9tait exactement ce que je cherchais.\u201d<\/p><\/blockquote>\n\n\n\n<p><strong>Qu\u2019est-ce qui vous pla\u00eet le plus ?<\/strong><\/p>\n\n\n\n<blockquote class=\"wp-block-quote is-layout-flow wp-block-quote-is-layout-flow\"><p>\u201cCe qui me plait le plus c\u2019est la diversit\u00e9 des cours que l\u2019on a. L\u2019enseignement en CEM est complet et touche \u00e0 beaucoup de probl\u00e9matiques diff\u00e9rentes, notamment celles des m\u00e9dias, celle<br>de la gestion des donn\u00e9es num\u00e9riques et de la repr\u00e9sentation du pouvoir. Cela nous offre une perspective large sur les m\u00e9tiers de la communication.\u201d<\/p><\/blockquote>\n\n\n\n<p><strong>Qu\u2019est-ce que cette formation vous a apport\u00e9 ?<\/strong><\/p>\n\n\n\n<blockquote class=\"wp-block-quote is-layout-flow wp-block-quote-is-layout-flow\"><p>\u201cElle m\u2019a apport\u00e9 des connaissances et comp\u00e9tences solides dans les secteurs des m\u00e9dias et de la repr\u00e9sentation. Elle m\u2019a aussi confort\u00e9e dans ma volont\u00e9 de poursuivre des \u00e9tudes dans le domaine de la recherche.\u201d<\/p><\/blockquote>\n\n\n\n<hr class=\"wp-block-separator has-text-color has-background is-style-wide\" style=\"background-color:#e6e6e6;color:#e6e6e6\"\/>\n\n\n\n<div style=\"height:26px\" aria-hidden=\"true\" class=\"wp-block-spacer\"><\/div>\n\n\n\n<p style=\"font-size:18px\"><strong>Iris Naslednikov<\/strong>, promotion 2021 (Nina Simone)<\/p>\n\n\n\n<p><strong>Pourquoi avez-vous choisi cette majeure ?<\/strong><\/p>\n\n\n\n<blockquote class=\"wp-block-quote is-layout-flow wp-block-quote-is-layout-flow\"><p>\u201cParce que je suis tr\u00e8s int\u00e9ress\u00e9e par les domaines de la communication et de l&rsquo;\u00e9v\u00e9nementiel et que je me projette dans l&rsquo;avenir dans ce milieu professionnel. Je vois ce master comme le master le plus ouvert au niveau des d\u00e9bouch\u00e9s dans la communication.\u201d<\/p><\/blockquote>\n\n\n\n<p><strong>Qu&rsquo;est-ce qui vous pla\u00eet le plus ?<\/strong><\/p>\n\n\n\n<blockquote class=\"wp-block-quote is-layout-flow wp-block-quote-is-layout-flow\"><p>\u201cCe qui me plait le plus c&rsquo;est la diversit\u00e9 des approches de la communication, qui nous fait toucher \u00e0 plein de milieux diff\u00e9rents et nous fait aborder des sujets sous des angles vari\u00e9s. Selon moi, \u00e7a nous permettra professionnellement de nous adapter plus que d&rsquo;autres \u00e9tudiants en formation de communication traditionnelle.\u201d<\/p><\/blockquote>\n\n\n\n<p><strong>Qu&rsquo;est-ce que cette formation vous a apport\u00e9 ?<\/strong><\/p>\n\n\n\n<blockquote class=\"wp-block-quote is-layout-flow wp-block-quote-is-layout-flow\"><p>\u201cElle m&rsquo;a confort\u00e9 dans ma volont\u00e9 de travailler dans le domaine de la com et m&rsquo;a ouverte \u00e0 certaines opportunit\u00e9s de m\u00e9tiers que je ne connaissais pas et qui me plaisent \u00e9norm\u00e9ment.\u201d<\/p><\/blockquote>\n\n\n\n<hr class=\"wp-block-separator has-text-color has-background is-style-wide\" style=\"background-color:#e6e6e6;color:#e6e6e6\"\/>\n\n\n\n<p><\/p>\n","protected":false},"excerpt":{"rendered":"<p>H\u00e9l\u00e8ne Mocquillon, promotion 2022 (Alan Turing) Pourquoi avoir choisi cette majeure ? \u00ab\u00a0Etudiante en licence de science politique au sein de l&rsquo;Universit\u00e9 de Lille, engag\u00e9e dans l&rsquo;association ADESPOL en tant que charg\u00e9e de communication, et ayant r\u00e9alis\u00e9 un stage au sein de la DICOM du Minist\u00e8re de la Justice, je souhaitais choisir un master qui [&hellip;]<\/p>\n","protected":false},"author":1,"featured_media":0,"parent":0,"menu_order":0,"comment_status":"closed","ping_status":"closed","template":"","meta":{"_seopress_robots_primary_cat":"","_seopress_titles_title":"","_seopress_titles_desc":"","_seopress_robots_index":"","ocean_post_layout":"","ocean_both_sidebars_style":"","ocean_both_sidebars_content_width":0,"ocean_both_sidebars_sidebars_width":0,"ocean_sidebar":"0","ocean_second_sidebar":"0","ocean_disable_margins":"enable","ocean_add_body_class":"","ocean_shortcode_before_top_bar":"","ocean_shortcode_after_top_bar":"","ocean_shortcode_before_header":"","ocean_shortcode_after_header":"","ocean_has_shortcode":"","ocean_shortcode_after_title":"","ocean_shortcode_before_footer_widgets":"","ocean_shortcode_after_footer_widgets":"","ocean_shortcode_before_footer_bottom":"","ocean_shortcode_after_footer_bottom":"","ocean_display_top_bar":"default","ocean_display_header":"default","ocean_header_style":"","ocean_center_header_left_menu":"0","ocean_custom_header_template":"0","ocean_custom_logo":0,"ocean_custom_retina_logo":0,"ocean_custom_logo_max_width":0,"ocean_custom_logo_tablet_max_width":0,"ocean_custom_logo_mobile_max_width":0,"ocean_custom_logo_max_height":0,"ocean_custom_logo_tablet_max_height":0,"ocean_custom_logo_mobile_max_height":0,"ocean_header_custom_menu":"0","ocean_menu_typo_font_family":"0","ocean_menu_typo_font_subset":"","ocean_menu_typo_font_size":0,"ocean_menu_typo_font_size_tablet":0,"ocean_menu_typo_font_size_mobile":0,"ocean_menu_typo_font_size_unit":"px","ocean_menu_typo_font_weight":"","ocean_menu_typo_font_weight_tablet":"","ocean_menu_typo_font_weight_mobile":"","ocean_menu_typo_transform":"","ocean_menu_typo_transform_tablet":"","ocean_menu_typo_transform_mobile":"","ocean_menu_typo_line_height":0,"ocean_menu_typo_line_height_tablet":0,"ocean_menu_typo_line_height_mobile":0,"ocean_menu_typo_line_height_unit":"","ocean_menu_typo_spacing":0,"ocean_menu_typo_spacing_tablet":0,"ocean_menu_typo_spacing_mobile":0,"ocean_menu_typo_spacing_unit":"","ocean_menu_link_color":"","ocean_menu_link_color_hover":"","ocean_menu_link_color_active":"","ocean_menu_link_background":"","ocean_menu_link_hover_background":"","ocean_menu_link_active_background":"","ocean_menu_social_links_bg":"","ocean_menu_social_hover_links_bg":"","ocean_menu_social_links_color":"","ocean_menu_social_hover_links_color":"","ocean_disable_title":"default","ocean_disable_heading":"default","ocean_post_title":"","ocean_post_subheading":"","ocean_post_title_style":"","ocean_post_title_background_color":"","ocean_post_title_background":0,"ocean_post_title_bg_image_position":"","ocean_post_title_bg_image_attachment":"","ocean_post_title_bg_image_repeat":"","ocean_post_title_bg_image_size":"","ocean_post_title_height":0,"ocean_post_title_bg_overlay":0.5,"ocean_post_title_bg_overlay_color":"","ocean_disable_breadcrumbs":"default","ocean_breadcrumbs_color":"","ocean_breadcrumbs_separator_color":"","ocean_breadcrumbs_links_color":"","ocean_breadcrumbs_links_hover_color":"","ocean_display_footer_widgets":"default","ocean_display_footer_bottom":"default","ocean_custom_footer_template":"0","footnotes":""},"class_list":["post-74","page","type-page","status-publish","hentry","entry"],"_links":{"self":[{"href":"https:\/\/cem.sciencespo-lille.eu\/index.php\/wp-json\/wp\/v2\/pages\/74","targetHints":{"allow":["GET"]}}],"collection":[{"href":"https:\/\/cem.sciencespo-lille.eu\/index.php\/wp-json\/wp\/v2\/pages"}],"about":[{"href":"https:\/\/cem.sciencespo-lille.eu\/index.php\/wp-json\/wp\/v2\/types\/page"}],"author":[{"embeddable":true,"href":"https:\/\/cem.sciencespo-lille.eu\/index.php\/wp-json\/wp\/v2\/users\/1"}],"replies":[{"embeddable":true,"href":"https:\/\/cem.sciencespo-lille.eu\/index.php\/wp-json\/wp\/v2\/comments?post=74"}],"version-history":[{"count":30,"href":"https:\/\/cem.sciencespo-lille.eu\/index.php\/wp-json\/wp\/v2\/pages\/74\/revisions"}],"predecessor-version":[{"id":660,"href":"https:\/\/cem.sciencespo-lille.eu\/index.php\/wp-json\/wp\/v2\/pages\/74\/revisions\/660"}],"wp:attachment":[{"href":"https:\/\/cem.sciencespo-lille.eu\/index.php\/wp-json\/wp\/v2\/media?parent=74"}],"curies":[{"name":"wp","href":"https:\/\/api.w.org\/{rel}","templated":true}]}}