{"id":45,"date":"2020-11-16T16:16:17","date_gmt":"2020-11-16T15:16:17","guid":{"rendered":"http:\/\/cem.sciencespo-lille.eu\/?page_id=45"},"modified":"2022-02-25T22:05:13","modified_gmt":"2022-02-25T21:05:13","slug":"les-stages-et-linsertion-professionnelle","status":"publish","type":"page","link":"https:\/\/cem.sciencespo-lille.eu\/index.php\/les-stages-et-linsertion-professionnelle\/","title":{"rendered":"Les stages et l&rsquo;insertion professionnelle"},"content":{"rendered":"\n<p>Dans le cadre de la majeure CeM, un\u00a0<strong>stage de fin d\u2019\u00e9tudes d\u2019une dur\u00e9e de 6 mois<\/strong>\u00a0doit \u00eatre effectu\u00e9 par les \u00e9tudiantes et les \u00e9tudiants, au\u00a0<strong>semestre 4<\/strong>, en France ou \u00e0 l\u2019\u00e9tranger.<\/p>\n\n\n\n<p>Ce <strong>stage obligatoire<\/strong> fait partie int\u00e9grante de la validation du cycle master 2 et repr\u00e9sente <strong>30 cr\u00e9dits<\/strong> <strong>ECTS<\/strong>. Il peut d\u00e9buter d\u00e8s le mois de janvier et s&rsquo;achever le 30 septembre de l&rsquo;ann\u00e9e en cours au plus tard, dans la limite d&rsquo;une dur\u00e9e de <strong>6 mois maximum<\/strong>.<\/p>\n\n\n\n<p>Le stage fait l&rsquo;objet d&rsquo;une \u00e9valuation par la structure d&rsquo;accueil et d&rsquo;un rapport de stage, voire d&rsquo;une soutenance \u00e9ventuelle \u00e0 Sciences Po Lille.<\/p>\n\n\n\n<div style=\"height:20px\" aria-hidden=\"true\" class=\"wp-block-spacer\"><\/div>\n\n\n\n<p>Les \u00e9tudiantes et \u00e9tudiants de Sciences Po Lille peuvent consulter <strong>l&rsquo;historique des stages<\/strong> via la plateforme des Alumni : <\/p>\n\n\n\n<div class=\"wp-block-buttons is-content-justification-center is-layout-flex wp-container-core-buttons-is-layout-16018d1d wp-block-buttons-is-layout-flex\">\n<div class=\"wp-block-button is-style-fill\"><a class=\"wp-block-button__link has-black-color has-text-color has-background\" href=\"https:\/\/alumni.sciencespo-lille.eu\/page\/historique-des-stages\" style=\"background-color:#f8ca00\" target=\"_blank\" rel=\"noreferrer noopener\">Historique des stages<\/a><\/div>\n<\/div>\n\n\n\n<div style=\"height:30px\" aria-hidden=\"true\" class=\"wp-block-spacer\"><\/div>\n\n\n\n<p>Retrouvez \u00e9galement la <strong>liste des offres de stage et d&#8217;emploi<\/strong> :<\/p>\n\n\n\n<div class=\"wp-block-buttons is-content-justification-center is-layout-flex wp-container-core-buttons-is-layout-16018d1d wp-block-buttons-is-layout-flex\">\n<div class=\"wp-block-button\"><a class=\"wp-block-button__link has-black-color has-text-color has-background\" href=\"https:\/\/alumni.sciencespo-lille.eu\/jobboard?page=1\" style=\"background-color:#f8ca00\" target=\"_blank\" rel=\"noreferrer noopener\">Offres de stage et d&#8217;emploi<\/a><\/div>\n<\/div>\n\n\n\n<div style=\"height:30px\" aria-hidden=\"true\" class=\"wp-block-spacer\"><\/div>\n\n\n\n<p>Pour plus d&rsquo;informations sur les stages \u00e0 Sciences Po Lille et l&rsquo;insertion professionnelle, consultez le <strong>Guide des stages<\/strong> de la plateforme des Alumni :<\/p>\n\n\n\n<div class=\"wp-block-buttons is-content-justification-center is-layout-flex wp-container-core-buttons-is-layout-16018d1d wp-block-buttons-is-layout-flex\">\n<div class=\"wp-block-button\"><a class=\"wp-block-button__link has-black-color has-text-color has-background\" href=\"https:\/\/alumni.sciencespo-lille.eu\/page\/guide-des-stages-1\" style=\"background-color:#f8ca00\" target=\"_blank\" rel=\"noreferrer noopener\">Guide des stages<\/a><\/div>\n<\/div>\n\n\n\n<div style=\"height:62px\" aria-hidden=\"true\" class=\"wp-block-spacer\"><\/div>\n\n\n\n<p>Dans le cadre du <strong>module \u00ab d\u00e9couverte des m\u00e9tiers et de la communication \u00bb<\/strong>, des rencontres sont organis\u00e9es afin d\u2019aider les \u00e9tudiantes et les \u00e9tudiants dans la construction de leur projet professionnel. La promotion Denis Mukwege (2023) a notamment \u00e9chang\u00e9 avec la responsable communication de la M\u00e9tropole Europ\u00e9enne de Lille et la directrice de communication du Palais des Beaux-Arts.<\/p>\n","protected":false},"excerpt":{"rendered":"<p>Dans le cadre de la majeure CeM, un\u00a0stage de fin d\u2019\u00e9tudes d\u2019une dur\u00e9e de 6 mois\u00a0doit \u00eatre effectu\u00e9 par les \u00e9tudiantes et les \u00e9tudiants, au\u00a0semestre 4, en France ou \u00e0 l\u2019\u00e9tranger. Ce stage obligatoire fait partie int\u00e9grante de la validation du cycle master 2 et repr\u00e9sente 30 cr\u00e9dits ECTS. Il peut d\u00e9buter d\u00e8s le mois [&hellip;]<\/p>\n","protected":false},"author":1,"featured_media":0,"parent":0,"menu_order":0,"comment_status":"closed","ping_status":"closed","template":"","meta":{"_seopress_robots_primary_cat":"","_seopress_titles_title":"","_seopress_titles_desc":"","_seopress_robots_index":"","ocean_post_layout":"","ocean_both_sidebars_style":"","ocean_both_sidebars_content_width":0,"ocean_both_sidebars_sidebars_width":0,"ocean_sidebar":"0","ocean_second_sidebar":"0","ocean_disable_margins":"enable","ocean_add_body_class":"","ocean_shortcode_before_top_bar":"","ocean_shortcode_after_top_bar":"","ocean_shortcode_before_header":"","ocean_shortcode_after_header":"","ocean_has_shortcode":"","ocean_shortcode_after_title":"","ocean_shortcode_before_footer_widgets":"","ocean_shortcode_after_footer_widgets":"","ocean_shortcode_before_footer_bottom":"","ocean_shortcode_after_footer_bottom":"","ocean_display_top_bar":"default","ocean_display_header":"default","ocean_header_style":"","ocean_center_header_left_menu":"0","ocean_custom_header_template":"0","ocean_custom_logo":0,"ocean_custom_retina_logo":0,"ocean_custom_logo_max_width":0,"ocean_custom_logo_tablet_max_width":0,"ocean_custom_logo_mobile_max_width":0,"ocean_custom_logo_max_height":0,"ocean_custom_logo_tablet_max_height":0,"ocean_custom_logo_mobile_max_height":0,"ocean_header_custom_menu":"0","ocean_menu_typo_font_family":"0","ocean_menu_typo_font_subset":"","ocean_menu_typo_font_size":0,"ocean_menu_typo_font_size_tablet":0,"ocean_menu_typo_font_size_mobile":0,"ocean_menu_typo_font_size_unit":"px","ocean_menu_typo_font_weight":"","ocean_menu_typo_font_weight_tablet":"","ocean_menu_typo_font_weight_mobile":"","ocean_menu_typo_transform":"","ocean_menu_typo_transform_tablet":"","ocean_menu_typo_transform_mobile":"","ocean_menu_typo_line_height":0,"ocean_menu_typo_line_height_tablet":0,"ocean_menu_typo_line_height_mobile":0,"ocean_menu_typo_line_height_unit":"","ocean_menu_typo_spacing":0,"ocean_menu_typo_spacing_tablet":0,"ocean_menu_typo_spacing_mobile":0,"ocean_menu_typo_spacing_unit":"","ocean_menu_link_color":"","ocean_menu_link_color_hover":"","ocean_menu_link_color_active":"","ocean_menu_link_background":"","ocean_menu_link_hover_background":"","ocean_menu_link_active_background":"","ocean_menu_social_links_bg":"","ocean_menu_social_hover_links_bg":"","ocean_menu_social_links_color":"","ocean_menu_social_hover_links_color":"","ocean_disable_title":"default","ocean_disable_heading":"default","ocean_post_title":"","ocean_post_subheading":"","ocean_post_title_style":"","ocean_post_title_background_color":"","ocean_post_title_background":0,"ocean_post_title_bg_image_position":"","ocean_post_title_bg_image_attachment":"","ocean_post_title_bg_image_repeat":"","ocean_post_title_bg_image_size":"","ocean_post_title_height":0,"ocean_post_title_bg_overlay":0.5,"ocean_post_title_bg_overlay_color":"","ocean_disable_breadcrumbs":"default","ocean_breadcrumbs_color":"","ocean_breadcrumbs_separator_color":"","ocean_breadcrumbs_links_color":"","ocean_breadcrumbs_links_hover_color":"","ocean_display_footer_widgets":"default","ocean_display_footer_bottom":"default","ocean_custom_footer_template":"0","footnotes":""},"class_list":["post-45","page","type-page","status-publish","hentry","entry"],"_links":{"self":[{"href":"https:\/\/cem.sciencespo-lille.eu\/index.php\/wp-json\/wp\/v2\/pages\/45","targetHints":{"allow":["GET"]}}],"collection":[{"href":"https:\/\/cem.sciencespo-lille.eu\/index.php\/wp-json\/wp\/v2\/pages"}],"about":[{"href":"https:\/\/cem.sciencespo-lille.eu\/index.php\/wp-json\/wp\/v2\/types\/page"}],"author":[{"embeddable":true,"href":"https:\/\/cem.sciencespo-lille.eu\/index.php\/wp-json\/wp\/v2\/users\/1"}],"replies":[{"embeddable":true,"href":"https:\/\/cem.sciencespo-lille.eu\/index.php\/wp-json\/wp\/v2\/comments?post=45"}],"version-history":[{"count":7,"href":"https:\/\/cem.sciencespo-lille.eu\/index.php\/wp-json\/wp\/v2\/pages\/45\/revisions"}],"predecessor-version":[{"id":558,"href":"https:\/\/cem.sciencespo-lille.eu\/index.php\/wp-json\/wp\/v2\/pages\/45\/revisions\/558"}],"wp:attachment":[{"href":"https:\/\/cem.sciencespo-lille.eu\/index.php\/wp-json\/wp\/v2\/media?parent=45"}],"curies":[{"name":"wp","href":"https:\/\/api.w.org\/{rel}","templated":true}]}}