{"id":43,"date":"2020-11-16T16:15:46","date_gmt":"2020-11-16T15:15:46","guid":{"rendered":"http:\/\/cem.sciencespo-lille.eu\/?page_id=43"},"modified":"2022-03-16T11:54:59","modified_gmt":"2022-03-16T10:54:59","slug":"memoire-de-recherche-rapport-dexpertise-bachelorarbeit","status":"publish","type":"page","link":"https:\/\/cem.sciencespo-lille.eu\/index.php\/memoire-de-recherche-rapport-dexpertise-bachelorarbeit\/","title":{"rendered":"M\u00e9moire de recherche, rapport d&rsquo;expertise, Bachelorarbeit"},"content":{"rendered":"\n<p>La 4<sup>\u00e8me<\/sup>&nbsp;ann\u00e9e de la majeure CeM est notamment marqu\u00e9e par la r\u00e9daction d\u2019un m\u00e9moire de recherche, un rapport d\u2019expertise ou un&nbsp;<em>Bachelorarbeit&nbsp;<\/em>(pour les \u00e9tudiantes et \u00e9tudiants en FIFA).<\/p>\n\n\n\n<p>Voici quelques exemples de travaux de recherche r\u00e9alis\u00e9s par les \u00e9tudiantes et \u00e9tudiants les ann\u00e9es pass\u00e9es.<\/p>\n\n\n\n<h3 class=\"wp-block-heading\"><strong>M\u00e9moires de recherche<\/strong><\/h3>\n\n\n\n<ul class=\"wp-block-list\"><li>GUERBEAU Candice (promotion 2017), <em>La revanche de la princesse. \u00c9volutions et influences<\/em> <em>d\u2019une figure st\u00e9r\u00e9otyp\u00e9e<\/em><\/li><li>LOMBARDIE C\u00e9cile (promotion 2018), <em>Analyse fonctionnelle et s\u00e9miologique de la gestuelle des<\/em> <em>personnalit\u00e9s politiques : Le comportement non-verbal de trois candidats aux \u00e9lections<\/em> <em>pr\u00e9sidentielle fran\u00e7aise de 2017<\/em><\/li><li>HOCHARD Mathilde (promotion 2019), <em>#MeToo : Un tournant dans le traitement m\u00e9diatique des violences sexistes et sexuelles en France ?<\/em><\/li><li>MERLE Anouk (promotion 2020), <em>Les adolescents et le complot. \u00c9tude du rapport \u00e0 l&rsquo;information d&rsquo;\u00e9l\u00e8ves en classe de seconde<\/em><\/li><li>LANGEVIN Mathieu (promotion 2020), <em>La Construction du \u00ab bien-\u00eatre animal \u00bb comme probl\u00e8me public en France : comp\u00e9tition et tensions autour du paradigme sp\u00e9ciste et de la l\u00e9gitimit\u00e9 de l\u2019\u00e9levage bovin<\/em><\/li><\/ul>\n\n\n\n<h3 class=\"wp-block-heading\"><strong>Rapports d\u2019expertise<\/strong><\/h3>\n\n\n\n<ul class=\"wp-block-list\"><li>LEPINAY Baptiste (promotion 2017), <em>La conception d&rsquo;une \u00e9mission de t\u00e9l\u00e9vision politique pour les enfants<\/em><\/li><li>CALIM\u00c9 Jordan (promotion 2018), <em>Ville de Carvin, perspectives communicationnelles \u00e0 l&rsquo;horizon 2020<\/em><\/li><\/ul>\n\n\n\n<h3 class=\"wp-block-heading\"><strong>Bachelorarbeit<\/strong>en<\/h3>\n\n\n\n<ul class=\"wp-block-list\"><li>BRAUN Fanny Valentina, <em>Demokratie durch Goethe? Das Goethe-Institut als Akteur der externen Demokratief\u00f6rderung in Belarus<\/em><\/li><li>SLISSE Matthieu, <em>Der Faktencheck: die Regulierung von falschen Nachrichten im Internetzeitalter. Eine empirische Analyse am Beispiel Checknews<\/em><\/li><\/ul>\n\n\n\n<p>Vous pouvez \u00e9galement\u00a0<a href=\"http:\/\/www.sciencespo-lille.eu\/bibliotheque\/documents-bibiliotheque\" data-type=\"URL\" target=\"_blank\" rel=\"noreferrer noopener\"><strong>consulter les archives<\/strong><\/a>\u00a0des m\u00e9moires de recherche, rapports d\u2019expertise et\u00a0<em>Bachelorarbeiten\u00a0<\/em>des ann\u00e9es pr\u00e9c\u00e9dentes.<\/p>\n","protected":false},"excerpt":{"rendered":"<p>La 4\u00e8me&nbsp;ann\u00e9e de la majeure CeM est notamment marqu\u00e9e par la r\u00e9daction d\u2019un m\u00e9moire de recherche, un rapport d\u2019expertise ou un&nbsp;Bachelorarbeit&nbsp;(pour les \u00e9tudiantes et \u00e9tudiants en FIFA). Voici quelques exemples de travaux de recherche r\u00e9alis\u00e9s par les \u00e9tudiantes et \u00e9tudiants les ann\u00e9es pass\u00e9es. M\u00e9moires de recherche GUERBEAU Candice (promotion 2017), La revanche de la princesse. [&hellip;]<\/p>\n","protected":false},"author":1,"featured_media":0,"parent":0,"menu_order":0,"comment_status":"closed","ping_status":"closed","template":"","meta":{"_seopress_robots_primary_cat":"","_seopress_titles_title":"","_seopress_titles_desc":"","_seopress_robots_index":"","ocean_post_layout":"","ocean_both_sidebars_style":"","ocean_both_sidebars_content_width":0,"ocean_both_sidebars_sidebars_width":0,"ocean_sidebar":"0","ocean_second_sidebar":"0","ocean_disable_margins":"enable","ocean_add_body_class":"","ocean_shortcode_before_top_bar":"","ocean_shortcode_after_top_bar":"","ocean_shortcode_before_header":"","ocean_shortcode_after_header":"","ocean_has_shortcode":"","ocean_shortcode_after_title":"","ocean_shortcode_before_footer_widgets":"","ocean_shortcode_after_footer_widgets":"","ocean_shortcode_before_footer_bottom":"","ocean_shortcode_after_footer_bottom":"","ocean_display_top_bar":"default","ocean_display_header":"default","ocean_header_style":"","ocean_center_header_left_menu":"0","ocean_custom_header_template":"0","ocean_custom_logo":0,"ocean_custom_retina_logo":0,"ocean_custom_logo_max_width":0,"ocean_custom_logo_tablet_max_width":0,"ocean_custom_logo_mobile_max_width":0,"ocean_custom_logo_max_height":0,"ocean_custom_logo_tablet_max_height":0,"ocean_custom_logo_mobile_max_height":0,"ocean_header_custom_menu":"0","ocean_menu_typo_font_family":"0","ocean_menu_typo_font_subset":"","ocean_menu_typo_font_size":0,"ocean_menu_typo_font_size_tablet":0,"ocean_menu_typo_font_size_mobile":0,"ocean_menu_typo_font_size_unit":"px","ocean_menu_typo_font_weight":"","ocean_menu_typo_font_weight_tablet":"","ocean_menu_typo_font_weight_mobile":"","ocean_menu_typo_transform":"","ocean_menu_typo_transform_tablet":"","ocean_menu_typo_transform_mobile":"","ocean_menu_typo_line_height":0,"ocean_menu_typo_line_height_tablet":0,"ocean_menu_typo_line_height_mobile":0,"ocean_menu_typo_line_height_unit":"","ocean_menu_typo_spacing":0,"ocean_menu_typo_spacing_tablet":0,"ocean_menu_typo_spacing_mobile":0,"ocean_menu_typo_spacing_unit":"","ocean_menu_link_color":"","ocean_menu_link_color_hover":"","ocean_menu_link_color_active":"","ocean_menu_link_background":"","ocean_menu_link_hover_background":"","ocean_menu_link_active_background":"","ocean_menu_social_links_bg":"","ocean_menu_social_hover_links_bg":"","ocean_menu_social_links_color":"","ocean_menu_social_hover_links_color":"","ocean_disable_title":"default","ocean_disable_heading":"default","ocean_post_title":"","ocean_post_subheading":"","ocean_post_title_style":"","ocean_post_title_background_color":"","ocean_post_title_background":0,"ocean_post_title_bg_image_position":"","ocean_post_title_bg_image_attachment":"","ocean_post_title_bg_image_repeat":"","ocean_post_title_bg_image_size":"","ocean_post_title_height":0,"ocean_post_title_bg_overlay":0.5,"ocean_post_title_bg_overlay_color":"","ocean_disable_breadcrumbs":"default","ocean_breadcrumbs_color":"","ocean_breadcrumbs_separator_color":"","ocean_breadcrumbs_links_color":"","ocean_breadcrumbs_links_hover_color":"","ocean_display_footer_widgets":"default","ocean_display_footer_bottom":"default","ocean_custom_footer_template":"0","footnotes":""},"class_list":["post-43","page","type-page","status-publish","hentry","entry"],"_links":{"self":[{"href":"https:\/\/cem.sciencespo-lille.eu\/index.php\/wp-json\/wp\/v2\/pages\/43","targetHints":{"allow":["GET"]}}],"collection":[{"href":"https:\/\/cem.sciencespo-lille.eu\/index.php\/wp-json\/wp\/v2\/pages"}],"about":[{"href":"https:\/\/cem.sciencespo-lille.eu\/index.php\/wp-json\/wp\/v2\/types\/page"}],"author":[{"embeddable":true,"href":"https:\/\/cem.sciencespo-lille.eu\/index.php\/wp-json\/wp\/v2\/users\/1"}],"replies":[{"embeddable":true,"href":"https:\/\/cem.sciencespo-lille.eu\/index.php\/wp-json\/wp\/v2\/comments?post=43"}],"version-history":[{"count":13,"href":"https:\/\/cem.sciencespo-lille.eu\/index.php\/wp-json\/wp\/v2\/pages\/43\/revisions"}],"predecessor-version":[{"id":572,"href":"https:\/\/cem.sciencespo-lille.eu\/index.php\/wp-json\/wp\/v2\/pages\/43\/revisions\/572"}],"wp:attachment":[{"href":"https:\/\/cem.sciencespo-lille.eu\/index.php\/wp-json\/wp\/v2\/media?parent=43"}],"curies":[{"name":"wp","href":"https:\/\/api.w.org\/{rel}","templated":true}]}}